{"id":2451,"date":"2019-05-12T00:49:42","date_gmt":"2019-05-11T22:49:42","guid":{"rendered":"https:\/\/www.rakkers.org\/de\/?page_id=2451"},"modified":"2021-10-11T17:55:26","modified_gmt":"2021-10-11T15:55:26","slug":"fieber-bei-kindern-neugeborenen-fieber-saeuglinge-infografik","status":"publish","type":"page","link":"https:\/\/www.rakkers.org\/de\/fieber-bei-kindern-neugeborenen-fieber-saeuglinge-infografik\/","title":{"rendered":"Wann ist Fieber wirklich Fieber bei Babys und Kleinkindern (mit Infografik)"},"content":{"rendered":"\n<p>Das Kind ist quengelig und f\u00fchlt sich warm an. Die \u00e4u\u00dferen Anzeichen deuten auf einen Infekt hin doch wie ernst ist? Muss ich mir sorgen machen weil mein Kind 37,9 \u00b0C warm ist? Sind 38,2 \u00b0C bereits Fieber?<\/p>\n\n\n\n<p>In diesem Artikel m\u00f6chte ich dar\u00fcber Aufschluss geben, welche Temperatur bei Kindern kritisch ist und bei welcher man sich als Eltern noch entspannt zur\u00fccklehnen kann.<\/p>\n\n\n\n<h2 class=\"wp-block-heading\">Fieber ist nicht gleich Fieber<\/h2>\n\n\n\n<p>Fieber ist nicht gleich Fieber. Eine etwas absurd anmutende Satzkonstruktion doch dahinter steckt viel Wahrheit. Fieber l\u00e4sst sich nicht rein an der Innentemperatur eines Kindes bemessen. <\/p>\n\n\n\n<p>Es h\u00e4ngt auch vom Alter des Kindes ab. So kann z.B. bei S\u00e4uglingen unter einem Monat bereits eine Temperatur von 38 \u00b0C kritisch sein und auf einen schwerwiegenden Infekt hindeuten. Bei Neugeborenen ist die Fieberf\u00e4higkeit noch nicht so weit ausgepr\u00e4gt wie bei \u00e4lteren Kindern. <\/p>\n\n\n\n<p>Es empfiehlt sich deshalb hier bereits bei stark erh\u00f6hter Temperatur einen Arzt aufzusuchen. Insbesondere dann, wenn das Kind sehr schlapp und teilnahmslos wirkt oder gar eine ver\u00e4nderte F\u00e4rbung des Gesichts zeigt.<\/p>\n\n\n\n<p>Ist das Kind \u00fcber dieses Stadium hinaus, also \u00e4lter als einen Monat, geht man in der Regel von der &#8222;regul\u00e4ren&#8220; Beurteilung der Fiebergrade aus (siehe Infografik weiter unten).<\/p>\n\n\n\n<p>Generell l\u00e4sst sich zur Beurteilung von Fieber bei Kindern noch folgendes erg\u00e4nzen: Die Temperatur von S\u00e4ugetieren ist variabel. Darunter fallen nach allen derzeitig aktuellen Erkenntnissen auch wir Menschen und selbstverst\u00e4ndlich unsere Kinder.<\/p>\n\n\n\n<p><strong>Als Beispiel<\/strong>: Ein Kind, das lange drau\u00dfen gespielt hat und der Sonne ausgesetzt war, hat kann durchaus eine K\u00f6rpertemperatur \u00fcber 38,1 \u00b0C erreichen ohne das vom klinischen Befund Fieber gesprochen werden muss. <\/p>\n\n\n\n<p>Ein anderes Kind hingegen hat eine heisse Stirn, kalte H\u00e4nde und wirkt insgesamt kr\u00e4nklich so sprechen \u00c4rzte hier z.T. auch schon ab 38 \u00b0C von Fieber. M\u00f6gliche Ursache ein Grippaler Infekt, eine bakterielle Infektion.<\/p>\n\n\n\n<p> Der \u00dcbergang von erh\u00f6hter Temperatur zu Fieber ist also nicht einzig und allein von der Temperatur des Kindes abh\u00e4ngig. Gleichwegs sprechen aber so gut wie alle Medizinier von Fieber, sobald die K\u00f6rpertemperatur eines Kindes \u00fcber einen gewissen Schwellenwert (s.u.) steigt.<\/p>\n\n\n\n<h2 class=\"wp-block-heading\">Ab wann hat ein Kind Fieber?<\/h2>\n\n\n\n<p>Fieber beginnt bei Kindern erst ab einer stark erh\u00f6hten Temperatur. Wir als Erwachsene f\u00fchlen uns oft schon bei 38 Grad unwohl und alles ab 38,5 \u00b0C kommt uns vor, als h\u00e4tten wir einen ganzen Tag lang in der Sauna verbracht. Doch wo f\u00e4ngt bei Kindern das Fieber an? Wo endet erh\u00f6hte Temperatur?<\/p>\n\n\n\n<blockquote class=\"wp-block-quote is-layout-flow wp-block-quote-is-layout-flow\"><p>Gesunde Kinder haben eine K\u00f6rpertemperatur zwischen 36,5\u00b0 und 37,5\u00b0 Celsius. Liegt die Temperatur zwischen 37,6 und 38,5\u00b0 Celsius, hat das Kind erh\u00f6hte Temperatur. Bei manchen Kindern k\u00f6nnen schon Temperaturen zwischen 38,0 und 38,5\u00b0 Celsius auf eine Erkrankung hinweisen. Ab 38,5\u00b0 Celsius spricht man von Fieber, bei \u00fcber 39\u00b0 Celsius hat das Kind hohes Fieber. Von Hyperthermie spricht man, wenn die Temperatur 41\u00b0 Celsius \u00fcberschreitet.<\/p><cite>Quelle: <a href=\"https:\/\/www.kinderaerzte-im-netz.de\/krankheiten\/fieber\/\">Kinderaertzte-im-netz.de<\/a><\/cite><\/blockquote>\n\n\n\n<figure class=\"wp-block-image\"><img loading=\"lazy\" decoding=\"async\" width=\"823\" height=\"1024\" src=\"https:\/\/www.rakkers.org\/de\/wp-content\/uploads\/2019\/05\/infografik-fieber-bei-kindern-wann-ist-es-fieber-wann-nur-erhoehte-temperatur-fieberthermometer-illustration-823x1024.png\" alt=\"\" class=\"wp-image-2452\" srcset=\"https:\/\/www.rakkers.org\/de\/wp-content\/uploads\/2019\/05\/infografik-fieber-bei-kindern-wann-ist-es-fieber-wann-nur-erhoehte-temperatur-fieberthermometer-illustration-823x1024.png 823w, https:\/\/www.rakkers.org\/de\/wp-content\/uploads\/2019\/05\/infografik-fieber-bei-kindern-wann-ist-es-fieber-wann-nur-erhoehte-temperatur-fieberthermometer-illustration-241x300.png 241w, https:\/\/www.rakkers.org\/de\/wp-content\/uploads\/2019\/05\/infografik-fieber-bei-kindern-wann-ist-es-fieber-wann-nur-erhoehte-temperatur-fieberthermometer-illustration-768x956.png 768w, https:\/\/www.rakkers.org\/de\/wp-content\/uploads\/2019\/05\/infografik-fieber-bei-kindern-wann-ist-es-fieber-wann-nur-erhoehte-temperatur-fieberthermometer-illustration.png 925w\" sizes=\"(max-width: 823px) 100vw, 823px\" \/><\/figure>\n\n\n\n<p>Quelle der Infografik: Bundeszentrale f\u00fcr gesundheitliche Aufkl\u00e4rung, kindergesundheit-info.de<br><a href=\"http:\/\/www.kindergesundheit-info.de\/infomaterial-service\/infografiken\/\">http:\/\/www.kindergesundheit-info.de\/infomaterial-service\/infografiken\/<\/a> CC BY-NC-ND<\/p>\n\n\n\n<ul><li>Ab 36,5 \u00b0C spricht man bei Kindern und Kleinkindern von einer normalen Temperatur. Liegt die Temperatur darunter sind Kinder bereits leicht unterk\u00fchlt. Eine sehr leicht Unterk\u00fchlte Temperatur ist dabei jedoch genauso wenig Grund zur Sorge wie eine leicht \u00fcberh\u00f6hte Temperatur.<\/li><li>Ab 37,6 \u00b0C spricht man bereits von der oft zitierten erh\u00f6hten Temperatur bei Kindern. Ist das Kind bis auf die leicht erh\u00f6hte Tempertur Symptomfrei und verh\u00e4lt es sich normal, sind meist keine weiteren Ma\u00dfnahmen notwendig. Was dem Kind hilft sind Zuwendung und je nach Befinden zus\u00e4tzliche Bettruhe oder eine ruhige Besch\u00e4ftigung.<\/li><li>Ab 38,5 \u00b0C sprechen Allgemeinmediziner vom klassischen Fieber. Das Kind ist jetzt meist m\u00fcder und in seinen Aktivit\u00e4ten ruhiger als sonst. Das Kind sucht Ruhe und N\u00e4he, bekommt es diese gibt es sich meist mit Bettruhe zufrieden und diese tut dem Kind auch gut. Fieber ist anstrengend und kostet den K\u00f6rper Energie.<\/li><li>Ab 39,5 \u00b0C spricht man dann von hohem Fieber. \u00c4rztlicher Rat sollte konsultiert werden bzw. bereits konsultiert worden sein.<\/li><li>\u00dcberschreitet die Temperatur die 40\u00b0C wird es kritisch. \u00c4rztlicher Rat ist unbedingt einzuholen.<\/li><li>Ab 41 \u00b0C sprechen Mediziner von echter Hypothermie. Der Zustand ist dann \u00e4u\u00dferst kritisch.<\/li><\/ul>\n\n\n\n<h2 class=\"wp-block-heading\">Fieber ist notwendig<\/h2>\n\n\n\n<p>Fieber ist aber auch gut. Es ist die k\u00f6rpereigene Abwehreaktion auf Keime und Viren. Durch das Aufheizen des K\u00f6rpers werden viele fremdartige Bakterien die nicht in unserem K\u00f6rper leben sollen abget\u00f6tet oder zumindest an der Fortpflanzug \/ Weiterverbreitung innerhalb unsere Organismus gehindert. Fieber ist deshalb nicht per Se schlecht und sollte nicht verteufelt werden. <\/p>\n\n\n\n<p>F\u00fchlt sich das Kind noch wohl und bleibt die Temperatur unter 39 \u00b0C ist es oftmals sogar kontraproduktiv Fiebersenkende Mittel zu geben. Fiebersenkende Medikamente hindern den K\u00f6rper daran, auf seine eigene Art und Weise mit den Erregern fertig zu werden. Teilweise kann durch fiebersenkende Medikation sogar dem Krankheitsverlauf Vorschub geleistet werden. <\/p>\n\n\n\n<h2 class=\"wp-block-heading\">Wann bieten sich fiebersenkende Medikamente an?<\/h2>\n\n\n\n<ul><li>Ab 39\u00b0C spricht man auch bei Kindern von hohem Fieber. Man merkt es den Kleinen auch direkt an. Sie sind ersch\u00f6pft, M\u00fcde, quengelig und verlangen nach besonders viel Zuneigung. Diese sollte man seinen Kindern auch in jedem Falle zu Teil werden lassen. <br><br>Wenn das Kind stark beeintr\u00e4chtigt ist, z.B. \u00fcber die Ma\u00dfen schwitzt, es sehr h\u00e4ufig und intensiv klagt dann sind ab diesem Zeitpunkt fiebersenkende Mittel zu empfehlen. <br><br>Erstens m\u00f6chte man den Nachwuchs nur ungern leiden sehen und ab einer gewissen Temperatur, das wissen wir Erwachsene auch, ist Fieber einfach unertr\u00e4glich.<\/li><\/ul>\n\n\n\n<p>Wenn selbst Fernsehen zu anstrengend wird, das Essen verschm\u00e4ht wird oder das Kind den Eindruck erweckt als w\u00e4re es sein lezter Tag auf Erden sollten meines Erachtens nach auch die kritischsten Gegner der Schulmedizin einen Ruck geben und dem Kind ein Fiebersenkendes Mittel verabreichen.<\/p>\n\n\n\n<h2 class=\"wp-block-heading\">Welche Fiebersenkenden Mittel gibt es?<\/h2>\n\n\n\n<ul><li>Aspirin &#8211; Nicht empfehlenswert (<a href=\"https:\/\/www.deutsche-apotheker-zeitung.de\/daz-az\/2007\/daz-49-2007\/was-ist-eigentlich-das-reye-syndrom\">Reye Syndrom<\/a>)<\/li><li>Paracetamol (Ab 3 Kilogramm)<\/li><li>Ibuprofen (Ab 6 Kilogramm)<\/li><\/ul>\n\n\n\n<h2 class=\"wp-block-heading\">Diese Hausmittel helfen gegen Fieber bei Kindern<\/h2>\n\n\n\n<p>Es gibt keine wirklich aussagekr\u00e4ftigen Studien in Bezug auf die Wirksamkeit von \u00e4u\u00dferlichen Anwendungen zur Fiebersenkung. <\/p>\n\n\n\n<p>Aus eigener Erfahrung: \u00c4u\u00dferliche Anwendungen sind bestens geeignet um das Fieber in vielen F\u00e4llen zu lindern.<\/p>\n\n\n\n<p>Sieht man von wirklich schweren Infektionskrankheiten einmal ab, bei denen der K\u00f6rper das Fieber wirklich ben\u00f6tigt um der Infektion Herr zu werden, so helfen \u00e4u\u00dferliche Anwendungen erfahrungsgem\u00e4\u00df fast immer.<\/p>\n\n\n\n<p>Wichtig ist der Glaube des Kindes an die heilende Wirkung. Eine ruhige Mutter die Ihrem Kind suggeriert dass es ihm nach den Wadenwickeln gleich viel besser gehen wird wirkt Wunder. Ein besonnener Vater der sein Kind badet und ihm zu verstehen gibt das es dem kleinen nach der Behandlung viel besser gehen wird, erreicht oft eine Besserung des Leidenszustandes seines Kindes.<\/p>\n\n\n\n<p>Liebe, Zuneidung, das Gef\u00fchl dass sich jemand mit Erfahrung um uns k\u00fcmmert, all das was auch bei Erwachsenen zur Wirkung von Placebos oder Hom\u00f6opathie beitr\u00e4gt, funktioniert bei Kindern ebenfalls.<\/p>\n\n\n\n<p>Mit dem Pluspunkt das unsere Kinder uns noch viel mehr Vertrauen schenken als wir Erwachsene dem besten Arzt, mit den besten Bewertungen und den meisten Zeitungsartikeln. F\u00fcr unsere Kinder sind wir Koryph\u00e4en auf unserem Gebiet des Elternseins und dieser Glaube daran, das sich jemand um uns sorgt der genau weiss was er tut. <\/p>\n\n\n\n<p>Genau dies l\u00e4sst Kinder genesen. Alltagskrankheiten heilt der Glaube, werden geheilt von Sicherheit, werden hinweggeb\u00fcgelt von Zuneigung. <\/p>\n\n\n\n<p><strong>Lasst Sie euren Kindern zu Teil werden!<\/strong><\/p>\n\n\n\n<h2 class=\"wp-block-heading\">Hausmittel zum Fiebersenken bei Kindern<\/h2>\n\n\n\n<ul><li>Wadenwickel (nicht bei Sch\u00fcttelfrost)<\/li><li>K\u00fchler Waschlappen auf der Stirn<\/li><li>K\u00fchle Getr\u00e4nke<\/li><li>K\u00fchle B\u00e4der<\/li><\/ul>\n","protected":false},"excerpt":{"rendered":"<p>Das Kind ist quengelig und f\u00fchlt sich warm an. Die \u00e4u\u00dferen Anzeichen deuten auf einen Infekt hin doch wie ernst ist? Muss ich mir sorgen machen weil mein Kind 37,9 \u00b0C warm ist? Sind 38,2 \u00b0C bereits Fieber? In diesem Artikel m\u00f6chte ich dar\u00fcber Aufschluss geben, welche Temperatur bei Kindern kritisch ist und bei welcher [&hellip;]<\/p>\n","protected":false},"author":1,"featured_media":0,"parent":0,"menu_order":0,"comment_status":"open","ping_status":"closed","template":"","meta":{"footnotes":""},"_links":{"self":[{"href":"https:\/\/www.rakkers.org\/de\/wp-json\/wp\/v2\/pages\/2451"}],"collection":[{"href":"https:\/\/www.rakkers.org\/de\/wp-json\/wp\/v2\/pages"}],"about":[{"href":"https:\/\/www.rakkers.org\/de\/wp-json\/wp\/v2\/types\/page"}],"author":[{"embeddable":true,"href":"https:\/\/www.rakkers.org\/de\/wp-json\/wp\/v2\/users\/1"}],"replies":[{"embeddable":true,"href":"https:\/\/www.rakkers.org\/de\/wp-json\/wp\/v2\/comments?post=2451"}],"version-history":[{"count":3,"href":"https:\/\/www.rakkers.org\/de\/wp-json\/wp\/v2\/pages\/2451\/revisions"}],"predecessor-version":[{"id":2727,"href":"https:\/\/www.rakkers.org\/de\/wp-json\/wp\/v2\/pages\/2451\/revisions\/2727"}],"wp:attachment":[{"href":"https:\/\/www.rakkers.org\/de\/wp-json\/wp\/v2\/media?parent=2451"}],"curies":[{"name":"wp","href":"https:\/\/api.w.org\/{rel}","templated":true}]}}