{"id":2434,"date":"2019-05-10T21:55:21","date_gmt":"2019-05-10T19:55:21","guid":{"rendered":"https:\/\/www.rakkers.org\/de\/?page_id=2434"},"modified":"2019-05-27T23:43:20","modified_gmt":"2019-05-27T21:43:20","slug":"kindliche-entwicklung-der-handmotorik-bei-kindern-im-alter-von-1-bis-6-jahren-infografik","status":"publish","type":"page","link":"https:\/\/www.rakkers.org\/de\/kindliche-entwicklung-der-handmotorik-bei-kindern-im-alter-von-1-bis-6-jahren-infografik\/","title":{"rendered":"Entwicklung der Handmotorik bei Kindern im Alter von 1-6 Jahren (Infografik)"},"content":{"rendered":"\n<p>Diese Infografik veranschaulicht die Entwicklung der h\u00e4ndischen F\u00e4higkeiten von Kleinkindern und Kindern im Alter von bis zu 6 Jahren. Verdeutlicht wird hier die handmotorische F\u00e4higkeitsaneignung von Kindern in Kombination mit der Nenneung eines Durchschnittlichen Alters, zu dem die meisten Kinder diese F\u00e4higkeiten erlernen.<\/p>\n\n\n\n<figure class=\"wp-block-image\"><img loading=\"lazy\" decoding=\"async\" width=\"358\" height=\"1024\" src=\"https:\/\/www.rakkers.org\/de\/wp-content\/uploads\/2019\/05\/infografik-handmotorik-entwicklung-bei-kindern-faehigkeiten-der-hand-358x1024.png\" alt=\"\" class=\"wp-image-2435\" srcset=\"https:\/\/www.rakkers.org\/de\/wp-content\/uploads\/2019\/05\/infografik-handmotorik-entwicklung-bei-kindern-faehigkeiten-der-hand-358x1024.png 358w, https:\/\/www.rakkers.org\/de\/wp-content\/uploads\/2019\/05\/infografik-handmotorik-entwicklung-bei-kindern-faehigkeiten-der-hand-105x300.png 105w, https:\/\/www.rakkers.org\/de\/wp-content\/uploads\/2019\/05\/infografik-handmotorik-entwicklung-bei-kindern-faehigkeiten-der-hand-768x2198.png 768w, https:\/\/www.rakkers.org\/de\/wp-content\/uploads\/2019\/05\/infografik-handmotorik-entwicklung-bei-kindern-faehigkeiten-der-hand.png 925w\" sizes=\"(max-width: 358px) 100vw, 358px\" \/><\/figure>\n\n\n\n<p>Quelle der Infografik: Bundeszentrale f\u00fcr gesundheitliche Aufkl\u00e4rung, kindergesundheit-info.de<br><a href=\"http:\/\/www.kindergesundheit-info.de\/infomaterial-service\/infografiken\/\">http:\/\/www.kindergesundheit-info.de\/infomaterial-service\/infografiken\/<\/a> CC BY-NC-ND<\/p>\n\n\n\n<ul><li>Mit 1 bis 2 Jahren erlernen Kinder selbsst\u00e4ndig aus einem Gef\u00e4\u00df zu trinken. Es lernt sich mit einem L\u00f6ffel Nahrung zuzuf\u00fchren und kann Gegenst\u00e4nde gezielt dort ablegen, wo es Sie haben m\u00f6chte.<\/li><li>Ab dem Alter von zwei Jahren erlernen Kinder den Faustgriff und\/oder den Pinselgriff. Es lernt Gegenst\u00e4nde aus einfachen Verpackungen zu befreien und selbstst\u00e4ndig umbl\u00e4ttern, sofern die Seiten des Buches daf\u00fcr dick genug sind, damit es Sie greifen kann.<\/li><li>Mit 2-3 Jahren eignen sich Kinder an Ihre Kleidungsst\u00fccke gezielt selbst an- und aufziehen zu k\u00f6nnen. Das Essverhalten wird auf L\u00f6ffel und Gabel ausgedehnt.<\/li><li>Ab dem Alter von drei Jahren schaffen es Kinder dann auch d\u00fcnnere Seiten in B\u00fcchern oder Zeitschriften umzubl\u00e4ttern, wenn auch oftmals noch sehr unbeholfen. Die Fingerspitzen der Zeige- und Mittelfinger sowie des Daumens k\u00f6nnen nun vom Baby gezielt zum Greifen kleiner Gegenst\u00e4nde eingesetzt werden.<\/li><li>Mit etwa 4 Jahren schaffen es die kleinen Rakker sich mehr oder weniger selbstst\u00e4ndig anzuziehen. Ausziehen ist nat\u00fcrlich auch drin und wird fast noch lieber gemacht als angezogen. Das Malen mit Stiften wird aufgrund der nun korrekten Handhaltung einfacher f\u00fcr das Kind. Es lernt mit den drei Fingerspitzen den Stift entsprechend zu f\u00fchren. Die ersten erkennbaren Gem\u00e4lde des Kindes entstehen, M\u00e4nnchen, H\u00e4user und B\u00e4ume lernen Kinder fr\u00fch zu Papier zu bringen.<\/li><li>Mit 5 Jahren dann erlernen Kinder h\u00e4ufig den Umgang mit einer Schere. Das entlangschneiden an einer Linie klappt schon relativ gut, die Hand\/Augen Koordination wird besser. Mitunter k\u00f6nnen Kinder in diesem Alter sogar schon erste Buchstaben schreiben oder Zahlen malen.<\/li><li>Im Einschulungsf\u00e4higen Alter von 6 Jahren k\u00f6nnen Kinder dann bereits unter Anleitung fortgeschrittenere Bastelarbeiten erledigen, die \u00fcber das Kindergartenniveau hinausgehen. Das Kind kann in der Regel bereits mit Klebeband und Schere umgehen.<\/li><\/ul>\n","protected":false},"excerpt":{"rendered":"<p>Diese Infografik veranschaulicht die Entwicklung der h\u00e4ndischen F\u00e4higkeiten von Kleinkindern und Kindern im Alter von bis zu 6 Jahren. Verdeutlicht wird hier die handmotorische F\u00e4higkeitsaneignung von Kindern in Kombination mit der Nenneung eines Durchschnittlichen Alters, zu dem die meisten Kinder diese F\u00e4higkeiten erlernen. Quelle der Infografik: Bundeszentrale f\u00fcr gesundheitliche Aufkl\u00e4rung, kindergesundheit-info.dehttp:\/\/www.kindergesundheit-info.de\/infomaterial-service\/infografiken\/ CC BY-NC-ND Mit 1 [&hellip;]<\/p>\n","protected":false},"author":1,"featured_media":0,"parent":0,"menu_order":0,"comment_status":"open","ping_status":"closed","template":"","meta":{"footnotes":""},"_links":{"self":[{"href":"https:\/\/www.rakkers.org\/de\/wp-json\/wp\/v2\/pages\/2434"}],"collection":[{"href":"https:\/\/www.rakkers.org\/de\/wp-json\/wp\/v2\/pages"}],"about":[{"href":"https:\/\/www.rakkers.org\/de\/wp-json\/wp\/v2\/types\/page"}],"author":[{"embeddable":true,"href":"https:\/\/www.rakkers.org\/de\/wp-json\/wp\/v2\/users\/1"}],"replies":[{"embeddable":true,"href":"https:\/\/www.rakkers.org\/de\/wp-json\/wp\/v2\/comments?post=2434"}],"version-history":[{"count":1,"href":"https:\/\/www.rakkers.org\/de\/wp-json\/wp\/v2\/pages\/2434\/revisions"}],"predecessor-version":[{"id":2437,"href":"https:\/\/www.rakkers.org\/de\/wp-json\/wp\/v2\/pages\/2434\/revisions\/2437"}],"wp:attachment":[{"href":"https:\/\/www.rakkers.org\/de\/wp-json\/wp\/v2\/media?parent=2434"}],"curies":[{"name":"wp","href":"https:\/\/api.w.org\/{rel}","templated":true}]}}