{"id":2328,"date":"2019-05-07T01:43:17","date_gmt":"2019-05-06T23:43:17","guid":{"rendered":"https:\/\/www.rakkers.org\/de\/?page_id=2328"},"modified":"2019-05-27T23:44:39","modified_gmt":"2019-05-27T21:44:39","slug":"welches-babyoel-ist-das-beste-oel-fuer-neugeborene-babys","status":"publish","type":"page","link":"https:\/\/www.rakkers.org\/de\/welches-babyoel-ist-das-beste-oel-fuer-neugeborene-babys\/","title":{"rendered":"Welches Baby\u00f6l ist das beste \u00d6l f\u00fcr Neugeborene Babys"},"content":{"rendered":"\n<p>Einige kennen mich ja schon wegen meiner \u00d6l-Kontroversen Einstellung und wissen dass ich etwas pingelig in Bezug aufs Ein\u00f6len von Babys bin. In diesem Artikel m\u00f6chte ich nun darauf eingehen, welches \u00d6l das beste f\u00fcr die empfindliche Babyhaut ist &#8211; Wenn man sein Baby denn unbedingt ein\u00f6len m\u00f6chte&#8230;<\/p>\n\n\n\n<p>\u00d6le die als Lebensmittel zugelassen sind halte ich f\u00fcr relativ unbedenklich. Bei diesen handelt es sich in der Regel um 100% reine \u00d6le ohne Zusatzstoffe. Dies sehen auch die meisten Haut\u00e4rzte so: <\/p>\n\n\n\n<p><strong>Gut geeignet sind folgende nat\u00fcrliche \u00d6larten:<\/strong><\/p>\n\n\n\n<ul><li>Sonnenblumen\u00f6l &#8211; Aktuell von den meisten Haut\u00e4rzten empfohlen<\/li><li>Jojoba\u00f6l<\/li><li>Mandel\u00f6l<\/li><li>Oliven\u00f6l<\/li><li>Kokos\u00f6l<\/li><li><\/li><\/ul>\n\n\n\n<p>Diese \u00d6le sind generell gut geeignet um die menschliche Haut <strong>ab und zu<\/strong> damit einzureiben. Besonderes Augenmerk sollte hier auf ab und zu gelegt werden. Mehrfach w\u00f6chentliches oder gar t\u00e4gliches Einreiben der Haut ist nicht zu empfehlen. Dies kann nicht nur Allergien beg\u00fcnstigen sondern auch die Hautstruktur an sich sch\u00e4digen. Siehe: <a href=\"https:\/\/www.rakkers.org\/de\/babypflege\/soll-ich-mein-baby-einoelen-oder-ist-das-schaedlich\/\">\u00d6len oder nicht \u00d6len, ist \u00d6l sch\u00e4dlich f\u00fcr Kinderhaut?<\/a><\/p>\n\n\n\n<p>Generell bleibt bei allen Empfehlungen zu sagen, dass diese oft dem Zeitgeist und teilweise aktuellen wissenschaftlichen Erkenntnissen unterliegen. Wurde fr\u00fcher noch zu Puder und Mineral\u00f6l geraten, so waren es eine Zeit lang spezielle Baby\u00f6le auf Pflanzenbasis der Industrie, danach kam eine Empfehlungswelle von Speise\u00f6len insbesondere Sonnenblumen\u00f6l. Darauf folgte der neue Trend: 100% Bio und so wird es weitergehen. <\/p>\n\n\n\n<p>Neuerdings wird beispielsweise von Oliven\u00f6l abgeraten, da es zu stark die Haut austrockne. Mandel\u00f6l soll angeblich Allergief\u00f6rdernd wirken. Auch Kokos\u00f6l kann Allergien ausl\u00f6sen. Nur noch Sonnenblumen\u00f6l und Jojoba\u00f6l stehen aktuell noch in der Gunst vieler Haut\u00e4rzte. <\/p>\n\n\n\n<p>Hebammen, Freunde und Bekannte haben aufgrund Ihrer eigenen Erfahrungswerte wieder eine ganz andere Sicht auf die Dinge. Hier reichen die Empfehlungen von der althergebrachten Penatencreme \u00fcber Pflege\u00f6le und Cremes bis hin zu 100% Bio Argan\u00f6l ist alles dabei.<\/p>\n\n\n\n<p>Ich f\u00fcr meinen Teil halte mich an die Haut\u00e4rztlichen Empfehlungen. An unser Baby kommt nur Sonnenblumen\u00f6l und unterwegs ab und zu mal das pflanzliche Baby\u00f6l von B\u00fcbchen. Das ist sicher nicht der Weissheits letzter Schluss, aber ich f\u00fchle mich damit auf der sicheren Seite.<\/p>\n\n\n\n<p>Denn ganz ehrlich, wer im Internet etwas \u00fcber \u00d6le liest wird schnell zu dem Schluss kommen das der eine Hautarzt dies, der andere Wissenschaftler das empfiehlt. Bei vielen Studien die ich gelesen habe, \u00fcberkam mich der Eindruck das Sie gekauft sind und im Sinne einer bestimmten Industrie gedeutet werden sollen.<\/p>\n\n\n\n<p>Wenige unabh\u00e4ngige Studien raten sogar ganz vom Einsatz von \u00d6len ab bzw. raten nur zu einem sehr eingeschr\u00e4nkten Ein\u00f6lverhalten. <\/p>\n\n\n\n<p>Ganz abraten m\u00f6chte ich von:<\/p>\n\n\n\n<p><strong>Penaten Produkte<\/strong> &#8211; Die wohlbekannte Penaten Creme ist nicht nur Schlusslicht bei Stiftung \u00d6k\u00f6test geworden sondern gilt als Mineral\u00f6lbasiertes Produkt generell als bedenklich. Derartige Produkte enthalten aromatische Kohlenwasserstoffe und obwohl das gar nicht schlecht klingt sind diese warscheinlich krebserregend. Ich w\u00fcrde deshalb, obwohl mein Popo als Baby oft damit verziert war, heute von allen Mineral\u00f6lbasierten Produkten abraten. <\/p>\n\n\n\n<p>Das gilt nicht nur f\u00fcr die Creme sondern selbst das Ultra Sensitiv Pflege\u00f6l von Penaten besteht haupts\u00e4chlich aus Paraffinum Liquidum und basiert damit auf Mineral\u00f6lbasis. Keine Ahnung wieso die den Zeitgeist verpasst haben und immer noch auf raffiniertes Erd\u00f6l als Pflegeprodukt setzen. Mir unverst\u00e4ndlich, ich w\u00fcrde gerne Penatenprodukte einsetzen wenn diese aus nat\u00fcrlich nachwachsenden Rohstoffen hergestellt w\u00fcrden.<\/p>\n\n\n\n<p><strong>Baby Puder<\/strong> &#8211; Auch wenn es nicht zu diesem Artikel \u00fcber \u00d6le passt, auch von dem fr\u00fcher oft empfohlenen Babypuder raten heutzutage viele Experten ab. Wie auch Penatencreme war Babypuder ein Geniestreich der fr\u00fchen Marketingbem\u00fchungen. Es wurde ein Interesse und ein Bedarf geweckt nach etwas das eigentlich gar nicht gebraucht wird. <\/p>\n\n\n\n<p>Baby Puder verklumpt sobald es Fl\u00fcssigkeiten aufnimmt und kann damit zu noch mehr Reibung am vielleicht ohnehin bereits entz\u00fcndeten Babypo f\u00fchren. Dar\u00fcber hinaus muss man bei eingepuderten Babys noch mehr Wasser und Reibung aufbringen, wenn man diese beim Windeln wieder s\u00e4ubern m\u00f6chte. <\/p>\n","protected":false},"excerpt":{"rendered":"<p>Einige kennen mich ja schon wegen meiner \u00d6l-Kontroversen Einstellung und wissen dass ich etwas pingelig in Bezug aufs Ein\u00f6len von Babys bin. In diesem Artikel m\u00f6chte ich nun darauf eingehen, welches \u00d6l das beste f\u00fcr die empfindliche Babyhaut ist &#8211; Wenn man sein Baby denn unbedingt ein\u00f6len m\u00f6chte&#8230; \u00d6le die als Lebensmittel zugelassen sind halte [&hellip;]<\/p>\n","protected":false},"author":1,"featured_media":2313,"parent":0,"menu_order":0,"comment_status":"open","ping_status":"closed","template":"","meta":{"footnotes":""},"_links":{"self":[{"href":"https:\/\/www.rakkers.org\/de\/wp-json\/wp\/v2\/pages\/2328"}],"collection":[{"href":"https:\/\/www.rakkers.org\/de\/wp-json\/wp\/v2\/pages"}],"about":[{"href":"https:\/\/www.rakkers.org\/de\/wp-json\/wp\/v2\/types\/page"}],"author":[{"embeddable":true,"href":"https:\/\/www.rakkers.org\/de\/wp-json\/wp\/v2\/users\/1"}],"replies":[{"embeddable":true,"href":"https:\/\/www.rakkers.org\/de\/wp-json\/wp\/v2\/comments?post=2328"}],"version-history":[{"count":1,"href":"https:\/\/www.rakkers.org\/de\/wp-json\/wp\/v2\/pages\/2328\/revisions"}],"predecessor-version":[{"id":2339,"href":"https:\/\/www.rakkers.org\/de\/wp-json\/wp\/v2\/pages\/2328\/revisions\/2339"}],"wp:featuredmedia":[{"embeddable":true,"href":"https:\/\/www.rakkers.org\/de\/wp-json\/wp\/v2\/media\/2313"}],"wp:attachment":[{"href":"https:\/\/www.rakkers.org\/de\/wp-json\/wp\/v2\/media?parent=2328"}],"curies":[{"name":"wp","href":"https:\/\/api.w.org\/{rel}","templated":true}]}}