{"id":2085,"date":"2019-05-04T21:15:11","date_gmt":"2019-05-04T19:15:11","guid":{"rendered":"https:\/\/www.rakkers.org\/de\/?page_id=2085"},"modified":"2024-10-26T13:03:28","modified_gmt":"2024-10-26T11:03:28","slug":"ueber-die-rakkers","status":"publish","type":"page","link":"https:\/\/www.rakkers.org\/de\/ueber-die-rakkers\/","title":{"rendered":"\u00dcber die Rakkers"},"content":{"rendered":"\n<p>Wir sind die Rakkers und ziehen unsere Rakker gro\u00df, die da bisher nur in der Einzahl zu verbuchen sind. <\/p>\n\n\n\n<p>Erstmal gilt es unser neugeborenes Baby zu versorgen. Also zwei Eltern mit einem kleinen Rakker die gemeinsam versuchen das Beste aus dem Baby herauszuholen und dabei an Ihre Grenzen gehen.<\/p>\n\n\n\n<p>Die ersten Grenzen haben wir gleich bei der Geburt gesp\u00fcrt die alles andere als Planm\u00e4\u00dfig verlief. Auch die darauf folgenden ersten Wochen sollten uns noch mehrfach Respekt lehren.<\/p>\n\n\n\n<p>Beim ersten Kind macht man noch viele Fehler, h\u00f6rt auf die falschen Leute und \u00c4rzte und muss sich erst einmal selbst eine Meinung zu vielem bilden, das einen vorher nicht ber\u00fchrt hat.<\/p>\n\n\n\n<p>Beim zweiten machen wir dann alles besser. Versprochen! <\/p>\n\n\n\n<p>Hier im Blog lest ihr von unseren Erfahrungen mit dem Probebaby &#8211; Erinnerung an Daddy: <em>Das mit dem Probebaby musst du unbedingt l\u00f6schen bevor das Kind lesen lernt<\/em><\/p>\n\n\n\n<p>Jetzt w\u00fcnschen euch alle Rakkers der Welt und insbesondere die \u00fcbriggebliebenen vom Blog alles Gute, viel Spa\u00df beim Lesen und nat\u00fcrlich freuen wir uns \u00fcber jeden eurer Kommentare und Beitr\u00e4ge rund um das Thema Babies und Kinder!<br><\/p>\n","protected":false},"excerpt":{"rendered":"<p>Wir sind die Rakkers und ziehen unsere Rakker gro\u00df, die da bisher nur in der Einzahl zu verbuchen sind. Erstmal gilt es unser neugeborenes Baby zu versorgen. Also zwei Eltern mit einem kleinen Rakker die gemeinsam versuchen das Beste aus dem Baby herauszuholen und dabei an Ihre Grenzen gehen. Die ersten Grenzen haben wir gleich [&hellip;]<\/p>\n","protected":false},"author":1,"featured_media":0,"parent":0,"menu_order":0,"comment_status":"closed","ping_status":"closed","template":"","meta":{"footnotes":""},"_links":{"self":[{"href":"https:\/\/www.rakkers.org\/de\/wp-json\/wp\/v2\/pages\/2085"}],"collection":[{"href":"https:\/\/www.rakkers.org\/de\/wp-json\/wp\/v2\/pages"}],"about":[{"href":"https:\/\/www.rakkers.org\/de\/wp-json\/wp\/v2\/types\/page"}],"author":[{"embeddable":true,"href":"https:\/\/www.rakkers.org\/de\/wp-json\/wp\/v2\/users\/1"}],"replies":[{"embeddable":true,"href":"https:\/\/www.rakkers.org\/de\/wp-json\/wp\/v2\/comments?post=2085"}],"version-history":[{"count":10,"href":"https:\/\/www.rakkers.org\/de\/wp-json\/wp\/v2\/pages\/2085\/revisions"}],"predecessor-version":[{"id":3443,"href":"https:\/\/www.rakkers.org\/de\/wp-json\/wp\/v2\/pages\/2085\/revisions\/3443"}],"wp:attachment":[{"href":"https:\/\/www.rakkers.org\/de\/wp-json\/wp\/v2\/media?parent=2085"}],"curies":[{"name":"wp","href":"https:\/\/api.w.org\/{rel}","templated":true}]}}